{"id":1442,"date":"2024-12-06T12:21:20","date_gmt":"2024-12-06T11:21:20","guid":{"rendered":"https:\/\/rosanautica.de\/pie-de-imprenta\/"},"modified":"2025-03-07T12:38:44","modified_gmt":"2025-03-07T11:38:44","slug":"pie-de-imprenta","status":"publish","type":"page","link":"https:\/\/www.rosanautica.de\/es\/pie-de-imprenta\/","title":{"rendered":"Pie de imprenta"},"content":{"rendered":"\t\t<div data-elementor-type=\"wp-page\" data-elementor-id=\"1442\" class=\"elementor elementor-1442 elementor-810\" data-elementor-post-type=\"page\">\n\t\t\t\t<div class=\"elementor-element elementor-element-14be762 e-flex e-con-boxed e-con e-parent\" data-id=\"14be762\" data-element_type=\"container\" data-e-type=\"container\">\n\t\t\t\t\t<div class=\"e-con-inner\">\n\t\t\t\t<div class=\"elementor-element elementor-element-e96c5ac elementor-widget elementor-widget-heading\" data-id=\"e96c5ac\" data-element_type=\"widget\" data-e-type=\"widget\" data-widget_type=\"heading.default\">\n\t\t\t\t<div class=\"elementor-widget-container\">\n\t\t\t\t\t<h2 class=\"elementor-heading-title elementor-size-default\">Pie de imprenta<\/h2>\t\t\t\t<\/div>\n\t\t\t\t<\/div>\n\t\t\t\t<div class=\"elementor-element elementor-element-33b5da8 elementor-widget elementor-widget-text-editor\" data-id=\"33b5da8\" data-element_type=\"widget\" data-e-type=\"widget\" data-widget_type=\"text-editor.default\">\n\t\t\t\t<div class=\"elementor-widget-container\">\n\t\t\t\t\t\t\t\t\t<p><span style=\"text-align: var(--text-align); background-color: var( --e-global-color-ac8facb ); color: var( --e-global-color-primary ); font-family: -apple-system, BlinkMacSystemFont, 'Segoe UI', Roboto, 'Helvetica Neue', Arial, 'Noto Sans', sans-serif, 'Apple Color Emoji', 'Segoe UI Emoji', 'Segoe UI Symbol', 'Noto Color Emoji'; font-size: 1rem;\">Rosa N\u00e1utica<\/span><\/p>\n<p>Ximena Tympe<\/p>\n<p>Bavariafilmplatz 3<br> 82031<span style=\"text-align: var(--text-align); background-color: var( --e-global-color-ac8facb ); color: var( --e-global-color-primary ); font-family: -apple-system, BlinkMacSystemFont, 'Segoe UI', Roboto, 'Helvetica Neue', Arial, 'Noto Sans', sans-serif, 'Apple Color Emoji', 'Segoe UI Emoji', 'Segoe UI Symbol', 'Noto Color Emoji'; font-size: 1rem;\">Gr\u00fcnwald<br><\/span><span style=\"text-align: var(--text-align); background-color: var( --e-global-color-ac8facb ); color: var( --e-global-color-primary ); font-family: -apple-system, BlinkMacSystemFont, 'Segoe UI', Roboto, 'Helvetica Neue', Arial, 'Noto Sans', sans-serif, 'Apple Color Emoji', 'Segoe UI Emoji', 'Segoe UI Symbol', 'Noto Color Emoji'; font-size: 1rem;\">Alemania<\/span><\/p>\n<p><span style=\"text-align: var(--text-align); background-color: var( --e-global-color-ac8facb ); color: var( --e-global-color-primary ); font-family: -apple-system, BlinkMacSystemFont, 'Segoe UI', Roboto, 'Helvetica Neue', Arial, 'Noto Sans', sans-serif, 'Apple Color Emoji', 'Segoe UI Emoji', 'Segoe UI Symbol', 'Noto Color Emoji'; font-size: 1rem;\">Tel\u00e9fono: 0151 23626371<br><\/span><span style=\"text-align: var(--text-align); background-color: var( --e-global-color-ac8facb ); color: var( --e-global-color-primary ); font-family: -apple-system, BlinkMacSystemFont, 'Segoe UI', Roboto, 'Helvetica Neue', Arial, 'Noto Sans', sans-serif, 'Apple Color Emoji', 'Segoe UI Emoji', 'Segoe UI Symbol', 'Noto Color Emoji'; font-size: 1rem;\">Correo electr\u00f3nico ximena [at] rosanautica [dot] es<\/span><\/p>\n<p>CIF: DE293537784<\/p>\n<p><\/p>\n<p><a href=\"https:\/\/www.ratgeberrecht.eu\/leistungen\/muster-impressum-generator.html\" rel=\"nofollow noopener\" target=\"_blank\">Pie de imprenta<\/a> del bufete de <a href=\"https:\/\/www.ratgeberrecht.eu\/\" rel=\"nofollow noopener\" target=\"_blank\">abogados Wei\u00df &amp; Partner<\/a><\/p>\n<p><\/p>\t\t\t\t\t\t\t\t<\/div>\n\t\t\t\t<\/div>\n\t\t\t\t\t<\/div>\n\t\t\t\t<\/div>\n\t\t\t\t<\/div>\n\t\t","protected":false},"excerpt":{"rendered":"<p>Pie de imprenta Rosa N\u00e1utica Ximena Tympe Bavariafilmplatz 3 82031Gr\u00fcnwaldAlemania Tel\u00e9fono: 0151 23626371Correo electr\u00f3nico ximena [at] rosanautica [dot] es CIF: DE293537784 Pie de imprenta del bufete de abogados Wei\u00df &amp; Partner<\/p>\n","protected":false},"author":1,"featured_media":0,"parent":0,"menu_order":0,"comment_status":"closed","ping_status":"closed","template":"","meta":{"footnotes":""},"class_list":["post-1442","page","type-page","status-publish","hentry"],"_links":{"self":[{"href":"https:\/\/www.rosanautica.de\/es\/wp-json\/wp\/v2\/pages\/1442","targetHints":{"allow":["GET"]}}],"collection":[{"href":"https:\/\/www.rosanautica.de\/es\/wp-json\/wp\/v2\/pages"}],"about":[{"href":"https:\/\/www.rosanautica.de\/es\/wp-json\/wp\/v2\/types\/page"}],"author":[{"embeddable":true,"href":"https:\/\/www.rosanautica.de\/es\/wp-json\/wp\/v2\/users\/1"}],"replies":[{"embeddable":true,"href":"https:\/\/www.rosanautica.de\/es\/wp-json\/wp\/v2\/comments?post=1442"}],"version-history":[{"count":1,"href":"https:\/\/www.rosanautica.de\/es\/wp-json\/wp\/v2\/pages\/1442\/revisions"}],"predecessor-version":[{"id":1443,"href":"https:\/\/www.rosanautica.de\/es\/wp-json\/wp\/v2\/pages\/1442\/revisions\/1443"}],"wp:attachment":[{"href":"https:\/\/www.rosanautica.de\/es\/wp-json\/wp\/v2\/media?parent=1442"}],"curies":[{"name":"wp","href":"https:\/\/api.w.org\/{rel}","templated":true}]}}