{"id":1452,"date":"2024-12-06T12:37:49","date_gmt":"2024-12-06T11:37:49","guid":{"rendered":"https:\/\/rosanautica.de\/politica-de-privacidad\/"},"modified":"2025-03-07T12:56:32","modified_gmt":"2025-03-07T11:56:32","slug":"politica-de-privacidad","status":"publish","type":"page","link":"https:\/\/www.rosanautica.de\/es\/politica-de-privacidad\/","title":{"rendered":"Pol\u00edtica de privacidad"},"content":{"rendered":"\t\t<div data-elementor-type=\"wp-page\" data-elementor-id=\"1452\" class=\"elementor elementor-1452 elementor-824\" data-elementor-post-type=\"page\">\n\t\t\t\t<div class=\"elementor-element elementor-element-db70bd9 e-flex e-con-boxed e-con e-parent\" data-id=\"db70bd9\" data-element_type=\"container\" data-e-type=\"container\">\n\t\t\t\t\t<div class=\"e-con-inner\">\n\t\t\t\t<div class=\"elementor-element elementor-element-2a703d0 elementor-widget elementor-widget-heading\" data-id=\"2a703d0\" data-element_type=\"widget\" data-e-type=\"widget\" data-widget_type=\"heading.default\">\n\t\t\t\t<div class=\"elementor-widget-container\">\n\t\t\t\t\t<h2 class=\"elementor-heading-title elementor-size-default\">Pol\u00edtica de privacidad<\/h2>\t\t\t\t<\/div>\n\t\t\t\t<\/div>\n\t\t\t\t<div class=\"elementor-element elementor-element-03c0474 elementor-widget elementor-widget-text-editor\" data-id=\"03c0474\" data-element_type=\"widget\" data-e-type=\"widget\" data-widget_type=\"text-editor.default\">\n\t\t\t\t<div class=\"elementor-widget-container\">\n\t\t\t\t\t\t\t\t\t<p>Los datos personales (en lo sucesivo denominados mayoritariamente \u00abdatos\u00bb) son procesados por nosotros s\u00f3lo en la medida necesaria y con el fin de proporcionar un sitio web funcional y f\u00e1cil de usar, incluyendo su contenido y los servicios que en \u00e9l se ofrecen.<\/p>\n<p>Seg\u00fan el art\u00edculo 4, apartado 1, del Reglamento (UE) 2016\/679, es decir, el Reglamento General de Protecci\u00f3n de Datos (en lo sucesivo, \u00abRGPD\u00bb), se entender\u00e1 por \u00abtratamiento\u00bb cualquier operaci\u00f3n o conjunto de operaciones, efectuadas o no mediante procedimientos automatizados, y aplicadas a datos personales o a conjuntos de datos personales, como la recogida, registro, organizaci\u00f3n, estructuraci\u00f3n, conservaci\u00f3n, elaboraci\u00f3n o modificaci\u00f3n, extracci\u00f3n, consulta, utilizaci\u00f3n, comunicaci\u00f3n por transmisi\u00f3n, difusi\u00f3n o cualquier otra forma de habilitaci\u00f3n de acceso, cotejo o interconexi\u00f3n, limitaci\u00f3n, supresi\u00f3n o destrucci\u00f3n.<\/p>\n<p>Con la siguiente pol\u00edtica de privacidad, te informamos en particular sobre el tipo, el alcance, la finalidad, la duraci\u00f3n y la base jur\u00eddica del tratamiento de los datos personales, en la medida en que decidimos solos o junto con otros los fines y los medios del tratamiento. Adem\u00e1s, a continuaci\u00f3n te informamos sobre los componentes de terceros que utilizamos con fines de optimizaci\u00f3n y para aumentar la calidad de uso, en la medida en que los terceros procesan los datos bajo su propia responsabilidad. <\/p>\n<p>Nuestra pol\u00edtica de privacidad est\u00e1 estructurada de la siguiente manera:<\/p>\n<p>I. Informaci\u00f3n sobre nosotros como responsables del tratamiento<br>II. Derechos de los usuarios y de los interesados<br>III. Informaci\u00f3n sobre el tratamiento de datos<\/p>\n<h3>I. Informaci\u00f3n sobre nosotros como responsables del tratamiento<\/h3>\n<p>El proveedor responsable de este sitio web en t\u00e9rminos de la ley de protecci\u00f3n de datos es<\/p>\n<p>Rosa Nautica<br>Ximena Tympe<br><span style=\"text-align: var(--text-align); background-color: var( --e-global-color-ac8facb ); color: var( --e-global-color-primary ); font-family: -apple-system, BlinkMacSystemFont, 'Segoe UI', Roboto, 'Helvetica Neue', Arial, 'Noto Sans', sans-serif, 'Apple Color Emoji', 'Segoe UI Emoji', 'Segoe UI Symbol', 'Noto Color Emoji'; font-size: 1rem;\">Bavariafilmplatz 3<br><\/span> 82031<span style=\"text-align: var(--text-align); background-color: var( --e-global-color-ac8facb ); color: var( --e-global-color-primary ); font-family: -apple-system, BlinkMacSystemFont, 'Segoe UI', Roboto, 'Helvetica Neue', Arial, 'Noto Sans', sans-serif, 'Apple Color Emoji', 'Segoe UI Emoji', 'Segoe UI Symbol', 'Noto Color Emoji'; font-size: 1rem;\">Gr\u00fcnwald<\/span><\/p>\n<p>Tel\u00e9fono: 0151 23626371<br>Correo electr\u00f3nico: ximena [at] rosanautica [dot] es<\/p>\n<p>es el responsable de protecci\u00f3n de datos del proveedor:<\/p>\n<p>Arne Tympe<br>Tel\u00e9fono: 089 2008 0665<br>Correo electr\u00f3nico: webmaster [at] rosanautica [dot] de<br>Bavariafilmplatz 3<br> 82031<span style=\"text-align: var(--text-align); background-color: var( --e-global-color-ac8facb ); color: var( --e-global-color-primary ); font-family: -apple-system, BlinkMacSystemFont, 'Segoe UI', Roboto, 'Helvetica Neue', Arial, 'Noto Sans', sans-serif, 'Apple Color Emoji', 'Segoe UI Emoji', 'Segoe UI Symbol', 'Noto Color Emoji'; font-size: 1rem;\">Gr\u00fcnwald<\/span><\/p>\n<h3>II Derechos de los usuarios y de los interesados<\/h3>\n<p>En relaci\u00f3n con el tratamiento de datos que se describe con m\u00e1s detalle a continuaci\u00f3n, los usuarios y los interesados tienen derecho a<\/p>\n<ul>\n<li>a la confirmaci\u00f3n de si se est\u00e1n procesando datos que les conciernen, a la informaci\u00f3n sobre los datos procesados, a m\u00e1s informaci\u00f3n sobre el procesamiento de datos y a copias de los datos (cf. tambi\u00e9n Art. 15 GDPR);<\/li>\n<li>a la rectificaci\u00f3n o cumplimentaci\u00f3n de datos incorrectos o incompletos (v\u00e9ase tambi\u00e9n el art. 16 del RGPD);<\/li>\n<li>a la supresi\u00f3n inmediata de los datos que les conciernen (v\u00e9ase tambi\u00e9n el Art. 17 GDPR) o, alternativamente, si se requiere un tratamiento posterior de conformidad con el Art. 17 (3) GDPR, a la restricci\u00f3n del tratamiento de conformidad con el Art. 18 GDPR; <\/li>\n<li>a recibir los datos que les conciernen y que han facilitado y a transferir estos datos a otros proveedores\/responsables del tratamiento (cf. tambi\u00e9n Art. 20 GDPR);<\/li>\n<li>a presentar una reclamaci\u00f3n ante la autoridad supervisora si considera que el proveedor est\u00e1 tratando los datos que le conciernen infringiendo la normativa sobre protecci\u00f3n de datos (v\u00e9ase tambi\u00e9n el art. 77 del RGPD).<\/li>\n<\/ul>\n<p>Adem\u00e1s, el proveedor est\u00e1 obligado a informar a todos los destinatarios a los que el proveedor haya revelado datos de cualquier correcci\u00f3n o eliminaci\u00f3n de datos o de la restricci\u00f3n del procesamiento que tenga lugar sobre la base de los Art\u00edculos 16, 17 p\u00e1rrafo 1, 18 GDPR. Sin embargo, esta obligaci\u00f3n no se aplica si esta notificaci\u00f3n es imposible o supone un esfuerzo desproporcionado. No obstante, el usuario tiene derecho a recibir informaci\u00f3n sobre estos destinatarios.   <\/p>\n<p><strong>De conformidad con el Art. 21 del GDPR, los usuarios y los interesados tambi\u00e9n tienen derecho a oponerse al tratamiento futuro de los datos que les conciernen, siempre que los datos sean tratados por el proveedor de conformidad con el Art. 6 p\u00e1rr. 1 lit. f) del GDPR. En particular, se permite la oposici\u00f3n al tratamiento de datos con fines de publicidad directa.   <\/strong><\/p>\n<h3>III. Informaci\u00f3n sobre el tratamiento de datos<\/h3>\n<p>Tus datos procesados al utilizar nuestro sitio web se eliminar\u00e1n o bloquear\u00e1n tan pronto como el prop\u00f3sito del almacenamiento deje de ser aplicable, la eliminaci\u00f3n de los datos no entre en conflicto con ninguna obligaci\u00f3n legal de conservaci\u00f3n y no se proporcione m\u00e1s informaci\u00f3n a continuaci\u00f3n sobre procedimientos de procesamiento individuales.<\/p>\n<h4 class=\"jet-listing-dynamic-field__content\">Suscripci\u00f3n de cotizaciones<\/h4>\n<p>Si publicas contribuciones en nuestro sitio web, tambi\u00e9n te ofrecemos la opci\u00f3n de suscribirte a cualquier contribuci\u00f3n de seguimiento de terceros. Procesamos tu direcci\u00f3n de correo electr\u00f3nico para poder informarte sobre estas contribuciones de seguimiento por correo electr\u00f3nico. <\/p>\n<p>La base legal para ello es el Art. 6 p\u00e1rr. 1 lit. a) GDPR. Puedes revocar tu consentimiento a esta suscripci\u00f3n en cualquier momento con efecto para el futuro de acuerdo con el Art. 7 p\u00e1rrafo 3 GDPR. Todo lo que tienes que hacer es informarnos de tu cancelaci\u00f3n o hacer clic en el enlace para darse de baja contenido en el correo electr\u00f3nico correspondiente.     <\/p>\n<h4 class=\"jet-listing-dynamic-field__content\">Gestor de Cookies<\/h4>\n<p>El proveedor utiliza un gestor de cookies para obtener el consentimiento para el uso de cookies t\u00e9cnicamente innecesarias en el sitio web.<\/p>\n<p>Cuando se accede al sitio web, se almacena una cookie con la informaci\u00f3n de configuraci\u00f3n en el dispositivo final del usuario, de modo que no sea necesario solicitar el consentimiento en una visita posterior.<\/p>\n<p>La cookie es necesaria para obtener el consentimiento del usuario conforme a la ley.<\/p>\n<p>El usuario puede impedir o detener la instalaci\u00f3n de cookies cambiando la configuraci\u00f3n de su navegador.<\/p>\n<h4 class=\"jet-listing-dynamic-field__content\">Cookies<\/h4>\n<h5>a) Cookies de sesi\u00f3n<\/h5>\n<p>En nuestro sitio web utilizamos las llamadas cookies. Las cookies son peque\u00f1os archivos de texto u otras tecnolog\u00edas de almacenamiento que el navegador de Internet que utilizas coloca y almacena en tu dispositivo final. Estas cookies procesan cierta informaci\u00f3n sobre ti, como los datos de tu navegador o ubicaci\u00f3n o tu direcci\u00f3n IP, de forma individualizada.  <\/p>\n<p>Este procesamiento hace que nuestro sitio web sea m\u00e1s f\u00e1cil de usar, eficaz y seguro, ya que el procesamiento permite, por ejemplo, la reproducci\u00f3n de nuestro sitio web en diferentes idiomas o la oferta de una funci\u00f3n de cesta de la compra. <\/p>\n<p>La base legal para este procesamiento es el Art. 6 p\u00e1rr. 1 lit. b.) GDPR, en la medida en que estas cookies procesan datos para el inicio o el cumplimiento de contratos.<\/p>\n<p>Si el tratamiento no sirve para iniciar o cumplir un contrato, nuestro inter\u00e9s leg\u00edtimo reside en mejorar la funcionalidad de nuestro sitio web. La base jur\u00eddica en este caso es el Art. 6 p\u00e1rr. 1 lit. f) GDPR.   <\/p>\n<p>Estas cookies de sesi\u00f3n se eliminan cuando cierras tu navegador de Internet.<\/p>\n<h5>b) Cookies de terceros<\/h5>\n<p>Nuestro sitio web tambi\u00e9n puede utilizar cookies de empresas asociadas con las que trabajamos con fines publicitarios, de an\u00e1lisis o de las funcionalidades de nuestro sitio web.<\/p>\n<p>Consulta la siguiente informaci\u00f3n para obtener m\u00e1s detalles, en particular los fines y la base jur\u00eddica para el tratamiento de dichas cookies de terceros.<\/p>\n<h5>c) Posibilidad de eliminaci\u00f3n<\/h5>\n<p>Puedes impedir o restringir la instalaci\u00f3n de cookies cambiando la configuraci\u00f3n de tu navegador de Internet. Tambi\u00e9n puedes eliminar en cualquier momento las cookies que ya se hayan guardado. Sin embargo, los pasos y medidas necesarios para ello dependen del navegador de Internet espec\u00edfico que utilices. Si tienes alguna duda, utiliza la funci\u00f3n de ayuda o la documentaci\u00f3n de tu navegador de Internet o ponte en contacto con su fabricante o con el servicio de asistencia. Sin embargo, en el caso de las denominadas cookies Flash, no se puede impedir el procesamiento a trav\u00e9s de la configuraci\u00f3n del navegador. En su lugar, debes cambiar la configuraci\u00f3n de tu reproductor Flash. Los pasos y medidas necesarios para ello tambi\u00e9n dependen del reproductor Flash espec\u00edfico que est\u00e9s utilizando. Si tienes alguna duda, utiliza tambi\u00e9n la funci\u00f3n de ayuda o la documentaci\u00f3n de tu reproductor Flash o ponte en contacto con el fabricante o con el servicio de atenci\u00f3n al usuario.       <\/p>\n<p>Sin embargo, si impides o restringes la instalaci\u00f3n de cookies, esto puede significar que no todas las funciones de nuestro sitio web puedan utilizarse en toda su extensi\u00f3n.<\/p>\n<h4 class=\"jet-listing-dynamic-field__content\">Consultas de contacto \/ opci\u00f3n de contacto<\/h4>\n<p>Si te pones en contacto con nosotros mediante el formulario de contacto o por correo electr\u00f3nico, los datos que nos facilites se utilizar\u00e1n para procesar tu consulta. El suministro de estos datos es necesario para procesar y responder a tu consulta &#8211; sin ellos no podemos responder a tu consulta o s\u00f3lo podemos hacerlo de forma limitada. <\/p>\n<p>La base jur\u00eddica de este procesamiento es el Art. 6 p\u00e1rrafo 1 lit. b) GDPR.  <\/p>\n<p>Tus datos se eliminar\u00e1n si tu consulta ha recibido una respuesta concluyente y la eliminaci\u00f3n no entra en conflicto con ninguna obligaci\u00f3n legal de conservaci\u00f3n, como en el caso de cualquier procesamiento contractual posterior. <\/p>\n<h4 class=\"jet-listing-dynamic-field__content\">FontAwesome<\/h4>\n<p>Utilizamos fuentes externas de FontAwesome para mostrar fuentes y elementos visuales en nuestro sitio web. FontAwesome es un servicio proporcionado por la <\/p>\n<p>Fonticons Inc, 6 Porter Road, Apartment 3R, Cambridge, MA 02140, EE.UU., en lo sucesivo denominada \u00abFontAwesome\u00bb.<\/p>\n<p>Cuando visitas nuestro sitio web, se establece una conexi\u00f3n con el servidor de FontAwesome en EE.UU. para habilitar y actualizar la visualizaci\u00f3n de fuentes y elementos visuales.<\/p>\n<p>La base jur\u00eddica es el Art. 6 p\u00e1rr. 1 lit. f) GDPR. Nuestro inter\u00e9s leg\u00edtimo reside en la optimizaci\u00f3n y el funcionamiento econ\u00f3mico de nuestro sitio web.   <\/p>\n<p>A trav\u00e9s de la conexi\u00f3n al servidor de FontAwesome que se establece cuando accedes a nuestro sitio web, FontAwesome puede determinar desde qu\u00e9 sitio web se ha enviado tu solicitud y a qu\u00e9 direcci\u00f3n IP debe transmitirse la fuente.<\/p>\n<p>FontAwesome ofrece en<\/p>\n<p><a href=\"https:\/\/fontawesome.com\/privacy\" target=\"_blank\" rel=\"noopener nofollow\">https:\/\/fontawesome.com\/privacy<\/a><\/p>\n<p>m\u00e1s informaci\u00f3n, en particular sobre las opciones para impedir el uso de datos.<\/p>\n<p><a href=\"https:\/\/www.xn--generator-datenschutzerklrung-pqc.de\/\" target=\"_blank\" rel=\"noopener nofollow\">Modelo de declaraci\u00f3n de protecci\u00f3n de datos<\/a> del bufete de <a href=\"https:\/\/www.ratgeberrecht.eu\/datenschutz\/datenschutzerklaerung-generator-dsgvo.html\" target=\"_blank\" rel=\"noopener nofollow\">abogados Wei\u00df &amp; Partner<\/a><\/p>\t\t\t\t\t\t\t\t<\/div>\n\t\t\t\t<\/div>\n\t\t\t\t\t<\/div>\n\t\t\t\t<\/div>\n\t\t\t\t<\/div>\n\t\t","protected":false},"excerpt":{"rendered":"<p>Pol\u00edtica de privacidad Los datos personales (en lo sucesivo denominados mayoritariamente \u00abdatos\u00bb) son procesados por nosotros s\u00f3lo en la medida necesaria y con el fin de proporcionar un sitio web funcional y f\u00e1cil de usar, incluyendo su contenido y los servicios que en \u00e9l se ofrecen. Seg\u00fan el art\u00edculo 4, apartado 1, del Reglamento (UE) [&hellip;]<\/p>\n","protected":false},"author":1,"featured_media":0,"parent":0,"menu_order":0,"comment_status":"closed","ping_status":"closed","template":"","meta":{"footnotes":""},"class_list":["post-1452","page","type-page","status-publish","hentry"],"_links":{"self":[{"href":"https:\/\/www.rosanautica.de\/es\/wp-json\/wp\/v2\/pages\/1452","targetHints":{"allow":["GET"]}}],"collection":[{"href":"https:\/\/www.rosanautica.de\/es\/wp-json\/wp\/v2\/pages"}],"about":[{"href":"https:\/\/www.rosanautica.de\/es\/wp-json\/wp\/v2\/types\/page"}],"author":[{"embeddable":true,"href":"https:\/\/www.rosanautica.de\/es\/wp-json\/wp\/v2\/users\/1"}],"replies":[{"embeddable":true,"href":"https:\/\/www.rosanautica.de\/es\/wp-json\/wp\/v2\/comments?post=1452"}],"version-history":[{"count":1,"href":"https:\/\/www.rosanautica.de\/es\/wp-json\/wp\/v2\/pages\/1452\/revisions"}],"predecessor-version":[{"id":1453,"href":"https:\/\/www.rosanautica.de\/es\/wp-json\/wp\/v2\/pages\/1452\/revisions\/1453"}],"wp:attachment":[{"href":"https:\/\/www.rosanautica.de\/es\/wp-json\/wp\/v2\/media?parent=1452"}],"curies":[{"name":"wp","href":"https:\/\/api.w.org\/{rel}","templated":true}]}}